{"id":51,"date":"2024-03-04T10:58:51","date_gmt":"2024-03-04T10:58:51","guid":{"rendered":"https:\/\/giriosistorijos.lt\/?post_type=product&#038;p=51"},"modified":"2024-03-07T17:39:39","modified_gmt":"2024-03-07T17:39:39","slug":"dekoracijos-kiskiai","status":"publish","type":"product","link":"https:\/\/giriosistorijos.lt\/?product=dekoracijos-kiskiai","title":{"rendered":"Dekoracijos &#8211; Ki\u0161kiai"},"content":{"rendered":"<p>Pavasario dekoracija Ki\u0161kiai pristato jums \u017eaves\u012f ir \u017eaism\u0105, praturtindami j\u016bs\u0173 kasdien\u012f bei \u0161ventin\u012f stal\u0105 ir namus, kurie prid\u0117s jaukumo ir \u0161ilumos j\u016bs\u0173 nam\u0173 erdvei.<\/p>\n<p>Kiekvienas ki\u0161kis &#8211; tai ne tik puo\u0161mena, bet ir dar vienas pasakojimas apie pavasar\u012f, kai gamta pradeda spinduliuoti \u0161iluma bei spalvomis. \u0160ios pavasario dekoracijos suteiks j\u016bs\u0173 namams subtil\u0173 ir nuo\u0161ird\u0173 \u017eaves\u012f, kuris privers kiekvien\u0105 sve\u010di\u0105 pajusti pavasario dvelksm\u0105.<\/p>\n<p>Leiskite jiems atne\u0161ti \u0161iek tiek pavasario magijos ir papildyti j\u016bs\u0173 namus jaukumu.<\/p>\n","protected":false},"excerpt":{"rendered":"<p>Pavasario dekoracija Ki\u0161kiai pristato jums \u017eaves\u012f ir \u017eaism\u0105, praturtindami j\u016bs\u0173 kasdien\u012f bei \u0161ventin\u012f stal\u0105 ir namus, kurie prid\u0117s jaukumo ir \u0161ilumos j\u016bs\u0173 nam\u0173 erdvei.<\/p>\n","protected":false},"featured_media":52,"comment_status":"open","ping_status":"closed","template":"","meta":{"om_disable_all_campaigns":false,"_monsterinsights_skip_tracking":false,"_monsterinsights_sitenote_active":false,"_monsterinsights_sitenote_note":"","_monsterinsights_sitenote_category":0,"_uf_show_specific_survey":0,"_uf_disable_surveys":false,"_kad_post_transparent":"default","_kad_post_title":"","_kad_post_layout":"default","_kad_post_sidebar_id":"","_kad_post_content_style":"default","_kad_post_vertical_padding":"default","_kad_post_feature":"","_kad_post_feature_position":"","_kad_post_header":false,"_kad_post_footer":false},"product_brand":[],"product_cat":[36,29,30],"product_tag":[32,39,38,37,31],"class_list":{"0":"post-51","1":"product","2":"type-product","3":"status-publish","4":"has-post-thumbnail","6":"product_cat-namams","7":"product_cat-sventems","8":"product_cat-velykos","9":"product_tag-dekoras","10":"product_tag-kiskiai","11":"product_tag-namams","12":"product_tag-svetems","13":"product_tag-velykos","15":"first","16":"instock","17":"shipping-taxable","18":"purchasable","19":"product-type-simple","20":"entry","21":"content-bg","22":"loop-entry"},"aioseo_notices":[],"jetpack_sharing_enabled":true,"_links":{"self":[{"href":"https:\/\/giriosistorijos.lt\/index.php?rest_route=\/wp\/v2\/product\/51","targetHints":{"allow":["GET"]}}],"collection":[{"href":"https:\/\/giriosistorijos.lt\/index.php?rest_route=\/wp\/v2\/product"}],"about":[{"href":"https:\/\/giriosistorijos.lt\/index.php?rest_route=\/wp\/v2\/types\/product"}],"replies":[{"embeddable":true,"href":"https:\/\/giriosistorijos.lt\/index.php?rest_route=%2Fwp%2Fv2%2Fcomments&post=51"}],"wp:featuredmedia":[{"embeddable":true,"href":"https:\/\/giriosistorijos.lt\/index.php?rest_route=\/wp\/v2\/media\/52"}],"wp:attachment":[{"href":"https:\/\/giriosistorijos.lt\/index.php?rest_route=%2Fwp%2Fv2%2Fmedia&parent=51"}],"wp:term":[{"taxonomy":"product_brand","embeddable":true,"href":"https:\/\/giriosistorijos.lt\/index.php?rest_route=%2Fwp%2Fv2%2Fproduct_brand&post=51"},{"taxonomy":"product_cat","embeddable":true,"href":"https:\/\/giriosistorijos.lt\/index.php?rest_route=%2Fwp%2Fv2%2Fproduct_cat&post=51"},{"taxonomy":"product_tag","embeddable":true,"href":"https:\/\/giriosistorijos.lt\/index.php?rest_route=%2Fwp%2Fv2%2Fproduct_tag&post=51"}],"curies":[{"name":"wp","href":"https:\/\/api.w.org\/{rel}","templated":true}]}}