{"id":382,"date":"2025-10-09T19:01:23","date_gmt":"2025-10-09T19:01:23","guid":{"rendered":"https:\/\/giriosistorijos.lt\/?post_type=product&#038;p=382"},"modified":"2025-10-13T15:57:36","modified_gmt":"2025-10-13T15:57:36","slug":"kaledinis-zibintas","status":"publish","type":"product","link":"https:\/\/giriosistorijos.lt\/?product=kaledinis-zibintas","title":{"rendered":"Kal\u0117dinis \u017eibintas"},"content":{"rendered":"<p>Medinis \u017eibintas dekoruotas precizi\u0161kai pjaustytomis snaig\u0117mis, per kurias \u0161viesa gra\u017eiai i\u0161sisklaido ir meta \u0161velnius \u0161e\u0161\u0117lius. Minimalistinis, ta\u010diau \u0161venti\u0161kas akcentas, puikiai derantis prie egli\u0161aki\u0173, kankor\u0117\u017ei\u0173, saman\u0173, dovan\u0173 ekspozicijos ar \u0161ilt\u0173 girliand\u0173. Tinka svetain\u0117s, palang\u0117s, komodos ar vitrinos dekorui. Patariama naudoti su LED arbatine \u017evakute.<\/p>\n","protected":false},"excerpt":{"rendered":"<p>\u0160e\u0161iakampis, lazeriu pjaustytas medinis \u017eibintas su snaigi\u0173 ra\u0161tu. Skleid\u017eia jauki\u0105, \u0161ilt\u0105 \u0161vies\u0105 ir kuria subtil\u0173 Kal\u0117din\u012f \u012fvaizd\u012f.<\/p>\n","protected":false},"featured_media":388,"comment_status":"open","ping_status":"closed","template":"","meta":{"om_disable_all_campaigns":false,"_monsterinsights_skip_tracking":false,"_monsterinsights_sitenote_active":false,"_monsterinsights_sitenote_note":"","_monsterinsights_sitenote_category":0,"_uf_show_specific_survey":0,"_uf_disable_surveys":false,"_kad_post_transparent":"default","_kad_post_title":"","_kad_post_layout":"default","_kad_post_sidebar_id":"","_kad_post_content_style":"default","_kad_post_vertical_padding":"default","_kad_post_feature":"","_kad_post_feature_position":"","_kad_post_header":false,"_kad_post_footer":false},"product_brand":[],"product_cat":[49,51],"product_tag":[],"class_list":{"0":"post-382","1":"product","2":"type-product","3":"status-publish","4":"has-post-thumbnail","6":"product_cat-kaledos","7":"product_cat-kaledos-sventems","9":"first","10":"instock","11":"shipping-taxable","12":"purchasable","13":"product-type-simple","14":"entry","15":"content-bg","16":"loop-entry"},"aioseo_notices":[],"jetpack_sharing_enabled":true,"_links":{"self":[{"href":"https:\/\/giriosistorijos.lt\/index.php?rest_route=\/wp\/v2\/product\/382","targetHints":{"allow":["GET"]}}],"collection":[{"href":"https:\/\/giriosistorijos.lt\/index.php?rest_route=\/wp\/v2\/product"}],"about":[{"href":"https:\/\/giriosistorijos.lt\/index.php?rest_route=\/wp\/v2\/types\/product"}],"replies":[{"embeddable":true,"href":"https:\/\/giriosistorijos.lt\/index.php?rest_route=%2Fwp%2Fv2%2Fcomments&post=382"}],"wp:featuredmedia":[{"embeddable":true,"href":"https:\/\/giriosistorijos.lt\/index.php?rest_route=\/wp\/v2\/media\/388"}],"wp:attachment":[{"href":"https:\/\/giriosistorijos.lt\/index.php?rest_route=%2Fwp%2Fv2%2Fmedia&parent=382"}],"wp:term":[{"taxonomy":"product_brand","embeddable":true,"href":"https:\/\/giriosistorijos.lt\/index.php?rest_route=%2Fwp%2Fv2%2Fproduct_brand&post=382"},{"taxonomy":"product_cat","embeddable":true,"href":"https:\/\/giriosistorijos.lt\/index.php?rest_route=%2Fwp%2Fv2%2Fproduct_cat&post=382"},{"taxonomy":"product_tag","embeddable":true,"href":"https:\/\/giriosistorijos.lt\/index.php?rest_route=%2Fwp%2Fv2%2Fproduct_tag&post=382"}],"curies":[{"name":"wp","href":"https:\/\/api.w.org\/{rel}","templated":true}]}}