{"id":31,"date":"2024-03-02T18:26:08","date_gmt":"2024-03-02T18:26:08","guid":{"rendered":"https:\/\/giriosistorijos.lt\/?post_type=product&#038;p=31"},"modified":"2025-10-09T18:23:27","modified_gmt":"2025-10-09T18:23:27","slug":"smeigtukai-daigams","status":"publish","type":"product","link":"https:\/\/giriosistorijos.lt\/?product=smeigtukai-daigams","title":{"rendered":"Smeigtukai daigams"},"content":{"rendered":"<p>Smeigtukai daigams ir sodinukams leisiantys atskirti ir papuo\u0161ti vazon\u0117lius.<\/p>\n<p>12,5-15 cm auk\u0161\u010dio, 1 cm plo\u010dio.<\/p>\n<p>Esteti\u0161ki, minimalistiniai, nat\u016bralaus med\u017eio.<\/p>\n<p>Nor\u0117dami u\u017esakyti smeigtuk\u0105 su pavadinimu, kurio n\u0117ra tarp pasirinkim\u0173, \u012fsid\u0117kite \u012f krep\u0161el\u012f bet kur\u012f smeigtuk\u0105 ir komentaruose para\u0161ykite vietoje kokio teksto koks tur\u0117t\u0173 b\u016bti J\u016bs\u0173 norimas.<\/p>\n","protected":false},"excerpt":{"rendered":"<p>Smeigtukai daigams ir sodinukams leisiantys atskirti ir papuo\u0161ti vazon\u0117lius.<\/p>\n","protected":false},"featured_media":99,"comment_status":"open","ping_status":"closed","template":"","meta":{"om_disable_all_campaigns":false,"_monsterinsights_skip_tracking":false,"_monsterinsights_sitenote_active":false,"_monsterinsights_sitenote_note":"","_monsterinsights_sitenote_category":0,"_uf_show_specific_survey":0,"_uf_disable_surveys":false,"_kad_post_transparent":"default","_kad_post_title":"","_kad_post_layout":"default","_kad_post_sidebar_id":"","_kad_post_content_style":"default","_kad_post_vertical_padding":"default","_kad_post_feature":"","_kad_post_feature_position":"","_kad_post_header":false,"_kad_post_footer":false},"product_brand":[],"product_cat":[20,19],"product_tag":[26,24,28,27,25],"class_list":{"0":"post-31","1":"product","2":"type-product","3":"status-publish","4":"has-post-thumbnail","6":"product_cat-darzas","7":"product_cat-sodas","8":"product_tag-daigai","9":"product_tag-darzui","10":"product_tag-pavasaris","11":"product_tag-seklos","12":"product_tag-sodinukai","14":"first","15":"instock","16":"sale","17":"shipping-taxable","18":"purchasable","19":"product-type-variable","20":"entry","21":"content-bg","22":"loop-entry"},"aioseo_notices":[],"jetpack_sharing_enabled":true,"_links":{"self":[{"href":"https:\/\/giriosistorijos.lt\/index.php?rest_route=\/wp\/v2\/product\/31","targetHints":{"allow":["GET"]}}],"collection":[{"href":"https:\/\/giriosistorijos.lt\/index.php?rest_route=\/wp\/v2\/product"}],"about":[{"href":"https:\/\/giriosistorijos.lt\/index.php?rest_route=\/wp\/v2\/types\/product"}],"replies":[{"embeddable":true,"href":"https:\/\/giriosistorijos.lt\/index.php?rest_route=%2Fwp%2Fv2%2Fcomments&post=31"}],"wp:featuredmedia":[{"embeddable":true,"href":"https:\/\/giriosistorijos.lt\/index.php?rest_route=\/wp\/v2\/media\/99"}],"wp:attachment":[{"href":"https:\/\/giriosistorijos.lt\/index.php?rest_route=%2Fwp%2Fv2%2Fmedia&parent=31"}],"wp:term":[{"taxonomy":"product_brand","embeddable":true,"href":"https:\/\/giriosistorijos.lt\/index.php?rest_route=%2Fwp%2Fv2%2Fproduct_brand&post=31"},{"taxonomy":"product_cat","embeddable":true,"href":"https:\/\/giriosistorijos.lt\/index.php?rest_route=%2Fwp%2Fv2%2Fproduct_cat&post=31"},{"taxonomy":"product_tag","embeddable":true,"href":"https:\/\/giriosistorijos.lt\/index.php?rest_route=%2Fwp%2Fv2%2Fproduct_tag&post=31"}],"curies":[{"name":"wp","href":"https:\/\/api.w.org\/{rel}","templated":true}]}}