{"id":217,"date":"2024-09-29T16:07:42","date_gmt":"2024-09-29T16:07:42","guid":{"rendered":"https:\/\/giriosistorijos.lt\/?post_type=product&#038;p=217"},"modified":"2025-10-09T18:25:45","modified_gmt":"2025-10-09T18:25:45","slug":"mediniai-kalediniai-serveteliu-ziedai-rinkinys","status":"publish","type":"product","link":"https:\/\/giriosistorijos.lt\/?product=mediniai-kalediniai-serveteliu-ziedai-rinkinys","title":{"rendered":"Mediniai Kal\u0117diniai Servet\u0117li\u0173 \u017diedai (rinkinys)"},"content":{"rendered":"<p>\u0160ie unikal\u016bs, lazeriu pjaustyti mediniai servet\u0117li\u0173 \u017eiedai su Kal\u0117d\u0173 tematikos dizainais \u2013 snaig\u0117mis ir eglut\u0117mis \u2013 suteiks j\u016bs\u0173 \u0161ventiniam stalui ypatingo jaukumo. Pagaminti Lietuvoje i\u0161 kokybi\u0161ko med\u017eio, \u0161ie minimalistinio stiliaus \u017eiedai ne tik dailiai papuo\u0161 stal\u0105, bet ir taps tvariu \u0161ventiniu akcentu, kur\u012f gal\u0117site naudoti daugel\u012f met\u0173. Kiekvienas dizainas atspindi Kal\u0117d\u0173 dvasi\u0105, tod\u0117l tai puikus pasirinkimas ie\u0161kantiems subtilios, bet i\u0161skirtin\u0117s dekoracijos \u0161vent\u0117ms.<\/p>\n<ul>\n<li>Med\u017eiaga: medis<\/li>\n<li>Gamybos b\u016bdas: pjaustyti lazeriu<\/li>\n<li>Pagaminta Lietuvoje<\/li>\n<li>Dizainas: Kal\u0117diniai motyvai (snaig\u0117s, eglut\u0117s)<\/li>\n<li>Naudojimas: \u0161ventiniam stalui papuo\u0161ti<\/li>\n<\/ul>\n<p>Pakuot\u0117je 5 vnt.<\/p>\n","protected":false},"excerpt":{"rendered":"<div class=\"flex-shrink-0 flex flex-col relative items-end\">\n<div class=\"pt-0\">\n<div class=\"gizmo-bot-avatar flex h-8 w-8 items-center justify-center overflow-hidden rounded-full\">\n<div class=\"relative p-1 rounded-sm flex items-center justify-center bg-token-main-surface-primary text-token-text-primary h-8 w-8\">Lazeriu pjaustyti mediniai servet\u0117li\u0173 \u017eiedai su Kal\u0117diniais motyvais \u2013 snaig\u0117mis ir eglut\u0117mis \u2013 suteiks \u0161ventiniam stalui elegancijos ir jaukumo. Pagaminti Lietuvoje, jie yra stilingi ir tvar\u016bs, puikiai tinkantys Kal\u0117d\u0173 dekorui.<\/div>\n<\/div>\n<\/div>\n<\/div>\n","protected":false},"featured_media":216,"comment_status":"open","ping_status":"closed","template":"","meta":{"om_disable_all_campaigns":false,"_monsterinsights_skip_tracking":false,"_monsterinsights_sitenote_active":false,"_monsterinsights_sitenote_note":"","_monsterinsights_sitenote_category":0,"_uf_show_specific_survey":0,"_uf_disable_surveys":false,"_kad_post_transparent":"default","_kad_post_title":"","_kad_post_layout":"default","_kad_post_sidebar_id":"","_kad_post_content_style":"default","_kad_post_vertical_padding":"default","_kad_post_feature":"","_kad_post_feature_position":"","_kad_post_header":false,"_kad_post_footer":false},"product_brand":[],"product_cat":[51,29],"product_tag":[52,54,55],"class_list":{"0":"post-217","1":"product","2":"type-product","3":"status-publish","4":"has-post-thumbnail","6":"product_cat-kaledos-sventems","7":"product_cat-sventems","8":"product_tag-kaledos","9":"product_tag-kaledu-dekoras","10":"product_tag-serveteliu-ziedai","11":"product_shipping_class-vidutine-pakuote","13":"first","14":"instock","15":"sale","16":"shipping-taxable","17":"purchasable","18":"product-type-simple","19":"entry","20":"content-bg","21":"loop-entry"},"aioseo_notices":[],"jetpack_sharing_enabled":true,"_links":{"self":[{"href":"https:\/\/giriosistorijos.lt\/index.php?rest_route=\/wp\/v2\/product\/217","targetHints":{"allow":["GET"]}}],"collection":[{"href":"https:\/\/giriosistorijos.lt\/index.php?rest_route=\/wp\/v2\/product"}],"about":[{"href":"https:\/\/giriosistorijos.lt\/index.php?rest_route=\/wp\/v2\/types\/product"}],"replies":[{"embeddable":true,"href":"https:\/\/giriosistorijos.lt\/index.php?rest_route=%2Fwp%2Fv2%2Fcomments&post=217"}],"wp:featuredmedia":[{"embeddable":true,"href":"https:\/\/giriosistorijos.lt\/index.php?rest_route=\/wp\/v2\/media\/216"}],"wp:attachment":[{"href":"https:\/\/giriosistorijos.lt\/index.php?rest_route=%2Fwp%2Fv2%2Fmedia&parent=217"}],"wp:term":[{"taxonomy":"product_brand","embeddable":true,"href":"https:\/\/giriosistorijos.lt\/index.php?rest_route=%2Fwp%2Fv2%2Fproduct_brand&post=217"},{"taxonomy":"product_cat","embeddable":true,"href":"https:\/\/giriosistorijos.lt\/index.php?rest_route=%2Fwp%2Fv2%2Fproduct_cat&post=217"},{"taxonomy":"product_tag","embeddable":true,"href":"https:\/\/giriosistorijos.lt\/index.php?rest_route=%2Fwp%2Fv2%2Fproduct_tag&post=217"}],"curies":[{"name":"wp","href":"https:\/\/api.w.org\/{rel}","templated":true}]}}