{"id":204,"date":"2024-09-29T15:52:55","date_gmt":"2024-09-29T15:52:55","guid":{"rendered":"https:\/\/giriosistorijos.lt\/?post_type=product&#038;p=204"},"modified":"2025-10-09T18:27:37","modified_gmt":"2025-10-09T18:27:37","slug":"mediniai-kalediniai-serveteliu-ziedai","status":"publish","type":"product","link":"https:\/\/giriosistorijos.lt\/?product=mediniai-kalediniai-serveteliu-ziedai","title":{"rendered":"Mediniai Kal\u0117diniai Servet\u0117li\u0173 \u017diedai"},"content":{"rendered":"<p>Mediniai servet\u0117li\u0173 \u017eiedai, lazeriu pjaustyti ir pagaminti Lietuvoje, yra tobulas pasirinkimas Kal\u0117doms. Minimalistinio dizaino ir i\u0161skirtinio jaukumo, \u0161ie \u017eiedai suteiks j\u016bs\u0173 \u0161ventiniam stalui elegancijos ir \u0161ilumos. Pagaminti i\u0161 nat\u016bralaus med\u017eio, jie yra dail\u016bs bei tvar\u016bs, tod\u0117l ne tik puo\u0161 j\u016bs\u0173 stal\u0105, bet ir tarnaus ilgus metus.<\/p>\n<p>\u0160ie servet\u0117li\u0173 \u017eiedai puikiai tiks ie\u0161kantiems subtilaus bei stilingo dekoro sprendimo \u0161ventin\u0117ms progoms ar dovanos mylimam \u017emogui.<\/p>\n<ul>\n<li>Med\u017eiaga: medis<\/li>\n<li>Gamybos b\u016bdas: pjaustyti lazeriu<\/li>\n<li>Pagaminta Lietuvoje<\/li>\n<li>Stilius: minimalistinis<\/li>\n<li>Naudojimas: Kal\u0117doms, \u0161ventiniam stalui papuo\u0161ti<\/li>\n<\/ul>\n<p>Pakuot\u0117je 6 vnt.<\/p>\n","protected":false},"excerpt":{"rendered":"<div class=\"flex-shrink-0 flex flex-col relative items-end\">\n<div>\n<div class=\"pt-0\">\n<div class=\"gizmo-bot-avatar flex h-8 w-8 items-center justify-center overflow-hidden rounded-full\">\n<div class=\"relative p-1 rounded-sm flex items-center justify-center bg-token-main-surface-primary text-token-text-primary h-8 w-8\"><\/div>\n<\/div>\n<\/div>\n<\/div>\n<\/div>\n<div class=\"group\/conversation-turn relative flex w-full min-w-0 flex-col agent-turn\">\n<div class=\"flex-col gap-1 md:gap-3\">\n<div class=\"flex max-w-full flex-col flex-grow\">\n<div class=\"min-h-8 text-message flex w-full flex-col items-end gap-2 whitespace-normal break-words [.text-message+&amp;]:mt-5\" dir=\"auto\" data-message-author-role=\"assistant\" data-message-id=\"874673dc-50e8-4079-9737-6fc113a23f51\">\n<div class=\"flex w-full flex-col gap-1 empty:hidden first:pt-[3px]\">\n<div class=\"markdown prose w-full break-words dark:prose-invert light\">\n<p>Minimalistiniai, Lietuvoje pagaminti mediniai servet\u0117li\u0173 \u017eiedai suteiks j\u016bs\u0173 Kal\u0117d\u0173 stalui eleganti\u0161k\u0105 ir jauki\u0105 atmosfer\u0105. Lazeriu pjaustyti \u017eiedai yra dail\u016bs ir tvar\u016bs \u2013 puikus pasirinkimas \u0161ventiniam dekorui.<\/p>\n<\/div>\n<\/div>\n<\/div>\n<\/div>\n<\/div>\n<\/div>\n","protected":false},"featured_media":215,"comment_status":"open","ping_status":"closed","template":"","meta":{"om_disable_all_campaigns":false,"_monsterinsights_skip_tracking":false,"_monsterinsights_sitenote_active":false,"_monsterinsights_sitenote_note":"","_monsterinsights_sitenote_category":0,"_uf_show_specific_survey":0,"_uf_disable_surveys":false,"_kad_post_transparent":"default","_kad_post_title":"","_kad_post_layout":"default","_kad_post_sidebar_id":"","_kad_post_content_style":"default","_kad_post_vertical_padding":"default","_kad_post_feature":"","_kad_post_feature_position":"","_kad_post_header":false,"_kad_post_footer":false},"product_brand":[],"product_cat":[51,29],"product_tag":[52,54,55],"class_list":{"0":"post-204","1":"product","2":"type-product","3":"status-publish","4":"has-post-thumbnail","6":"product_cat-kaledos-sventems","7":"product_cat-sventems","8":"product_tag-kaledos","9":"product_tag-kaledu-dekoras","10":"product_tag-serveteliu-ziedai","11":"product_shipping_class-vidutine-pakuote","13":"first","14":"instock","15":"sale","16":"shipping-taxable","17":"purchasable","18":"product-type-simple","19":"entry","20":"content-bg","21":"loop-entry"},"aioseo_notices":[],"jetpack_sharing_enabled":true,"_links":{"self":[{"href":"https:\/\/giriosistorijos.lt\/index.php?rest_route=\/wp\/v2\/product\/204","targetHints":{"allow":["GET"]}}],"collection":[{"href":"https:\/\/giriosistorijos.lt\/index.php?rest_route=\/wp\/v2\/product"}],"about":[{"href":"https:\/\/giriosistorijos.lt\/index.php?rest_route=\/wp\/v2\/types\/product"}],"replies":[{"embeddable":true,"href":"https:\/\/giriosistorijos.lt\/index.php?rest_route=%2Fwp%2Fv2%2Fcomments&post=204"}],"wp:featuredmedia":[{"embeddable":true,"href":"https:\/\/giriosistorijos.lt\/index.php?rest_route=\/wp\/v2\/media\/215"}],"wp:attachment":[{"href":"https:\/\/giriosistorijos.lt\/index.php?rest_route=%2Fwp%2Fv2%2Fmedia&parent=204"}],"wp:term":[{"taxonomy":"product_brand","embeddable":true,"href":"https:\/\/giriosistorijos.lt\/index.php?rest_route=%2Fwp%2Fv2%2Fproduct_brand&post=204"},{"taxonomy":"product_cat","embeddable":true,"href":"https:\/\/giriosistorijos.lt\/index.php?rest_route=%2Fwp%2Fv2%2Fproduct_cat&post=204"},{"taxonomy":"product_tag","embeddable":true,"href":"https:\/\/giriosistorijos.lt\/index.php?rest_route=%2Fwp%2Fv2%2Fproduct_tag&post=204"}],"curies":[{"name":"wp","href":"https:\/\/api.w.org\/{rel}","templated":true}]}}