{"id":188,"date":"2024-09-28T09:02:33","date_gmt":"2024-09-28T09:02:33","guid":{"rendered":"https:\/\/giriosistorijos.lt\/?post_type=product&#038;p=188"},"modified":"2025-10-09T18:30:49","modified_gmt":"2025-10-09T18:30:49","slug":"minimalistiniai-kalediniai-mediniai-zaisliukai","status":"publish","type":"product","link":"https:\/\/giriosistorijos.lt\/?product=minimalistiniai-kalediniai-mediniai-zaisliukai","title":{"rendered":"Minimalistiniai Kal\u0117diniai mediniai \u017eaisliukai"},"content":{"rendered":"<p>Pristatome eleganti\u0161kus, minimalistinio stiliaus medinius kal\u0117dinius \u017eaisliukus, kurie taps puikia puo\u0161mena J\u016bs\u0173 \u0161ventinei eglutei ar interjerui! Visi \u017eaisliukai yra pagaminti Lietuvoje, naudojant kokybi\u0161kas med\u017eiagas, kurios u\u017etikrina j\u0173 ilgaam\u017ei\u0161kum\u0105 ir tvarum\u0105.<\/p>\n<p>\u0160ie subtil\u016bs \u017eaisliukai yra \u012fkv\u0117pti gamtos motyv\u0173 \u2013 pasirinkite i\u0161 \u012fvairi\u0173 dizain\u0173, vaizduojan\u010di\u0173 plunksnas arba gyv\u016bnus: lap\u0119, me\u0161k\u0105, vilk\u0105, pel\u0117d\u0105 ar ki\u0161k\u012f. Tai unikal\u016bs ornamentai, kurie suteiks \u0161ilumos ir nat\u016bralumo J\u016bs\u0173 nam\u0173 aplinkai.<\/p>\n<p>D\u0117l savo modernios ir minimalistin\u0117s estetikos \u0161ie kal\u0117diniai papuo\u0161alai puikiai der\u0117s tiek prie tradicinio, tiek prie \u0161iuolaikinio kal\u0117dinio dekoro.<\/p>\n<p>Visi \u017eaisliukai turi bespalv\u012f pakabinim\u0105, kur\u012f lengvai galima pasikesti \u012f bet kok\u012f kit\u0105 norim\u0105.<\/p>\n","protected":false},"excerpt":{"rendered":"<p>Minimalistinis medinis kal\u0117dinis \u017eaisliukas, pagamintas Lietuvoje, puikiai tiks j\u016bs\u0173 eglut\u0117s papuo\u0161imui. Eleganti\u0161ki plunksnos ir gyv\u016bn\u0173 (lap\u0117, me\u0161ka, vilkas, pel\u0117da, ki\u0161kis) motyvai suteiks j\u016bs\u0173 namams nat\u016bralumo ir \u0161ilumos.<\/p>\n","protected":false},"featured_media":150,"comment_status":"open","ping_status":"closed","template":"","meta":{"om_disable_all_campaigns":false,"_monsterinsights_skip_tracking":false,"_monsterinsights_sitenote_active":false,"_monsterinsights_sitenote_note":"","_monsterinsights_sitenote_category":0,"_uf_show_specific_survey":0,"_uf_disable_surveys":false,"_kad_post_transparent":"default","_kad_post_title":"","_kad_post_layout":"default","_kad_post_sidebar_id":"","_kad_post_content_style":"default","_kad_post_vertical_padding":"default","_kad_post_feature":"","_kad_post_feature_position":"","_kad_post_header":false,"_kad_post_footer":false},"product_brand":[],"product_cat":[51,29],"product_tag":[53,52,54],"class_list":{"0":"post-188","1":"product","2":"type-product","3":"status-publish","4":"has-post-thumbnail","6":"product_cat-kaledos-sventems","7":"product_cat-sventems","8":"product_tag-kalediniai-zaisliukai","9":"product_tag-kaledos","10":"product_tag-kaledu-dekoras","11":"product_shipping_class-vidutine-pakuote","13":"first","14":"instock","15":"sale","16":"shipping-taxable","17":"purchasable","18":"product-type-variable","19":"entry","20":"content-bg","21":"loop-entry"},"aioseo_notices":[],"jetpack_sharing_enabled":true,"_links":{"self":[{"href":"https:\/\/giriosistorijos.lt\/index.php?rest_route=\/wp\/v2\/product\/188","targetHints":{"allow":["GET"]}}],"collection":[{"href":"https:\/\/giriosistorijos.lt\/index.php?rest_route=\/wp\/v2\/product"}],"about":[{"href":"https:\/\/giriosistorijos.lt\/index.php?rest_route=\/wp\/v2\/types\/product"}],"replies":[{"embeddable":true,"href":"https:\/\/giriosistorijos.lt\/index.php?rest_route=%2Fwp%2Fv2%2Fcomments&post=188"}],"wp:featuredmedia":[{"embeddable":true,"href":"https:\/\/giriosistorijos.lt\/index.php?rest_route=\/wp\/v2\/media\/150"}],"wp:attachment":[{"href":"https:\/\/giriosistorijos.lt\/index.php?rest_route=%2Fwp%2Fv2%2Fmedia&parent=188"}],"wp:term":[{"taxonomy":"product_brand","embeddable":true,"href":"https:\/\/giriosistorijos.lt\/index.php?rest_route=%2Fwp%2Fv2%2Fproduct_brand&post=188"},{"taxonomy":"product_cat","embeddable":true,"href":"https:\/\/giriosistorijos.lt\/index.php?rest_route=%2Fwp%2Fv2%2Fproduct_cat&post=188"},{"taxonomy":"product_tag","embeddable":true,"href":"https:\/\/giriosistorijos.lt\/index.php?rest_route=%2Fwp%2Fv2%2Fproduct_tag&post=188"}],"curies":[{"name":"wp","href":"https:\/\/api.w.org\/{rel}","templated":true}]}}