{"id":147,"date":"2024-09-28T08:55:31","date_gmt":"2024-09-28T08:55:31","guid":{"rendered":"https:\/\/giriosistorijos.lt\/?post_type=product&#038;p=147"},"modified":"2024-09-28T08:55:33","modified_gmt":"2024-09-28T08:55:33","slug":"3d-kalediniai-mediniai-zaisliukai","status":"publish","type":"product","link":"https:\/\/giriosistorijos.lt\/?product=3d-kalediniai-mediniai-zaisliukai","title":{"rendered":"3D Kal\u0117diniai mediniai \u017eaisliukai"},"content":{"rendered":"<p><strong>Sukurkite nepamir\u0161tam\u0105 \u0161ventin\u0119 atmosfer\u0105!<\/strong><\/p>\n<p>Pasitikite \u0161ventin\u012f sezon\u0105 su m\u016bs\u0173 i\u0161skirtiniais mediniais keli\u0173 sluoksni\u0173 Kal\u0117diniais \u017eaisliukais, sukurtais Lietuvoje. \u0160ie unikal\u016bs \u017eaisliukai ne tik suteikia j\u016bs\u0173 namams jaukumo, bet ir pabr\u0117\u017eia \u0161ventin\u0119 nuotaik\u0105. Kiekvienas ornamentas yra precizi\u0161kai i\u0161pjautas lazeriu.<\/p>\n<p>Pasirinkite \u0161iuos papuo\u0161imus ir padovanokite meil\u0119 bei \u0161ilum\u0105 \u0161vent\u0117ms!<\/p>\n<p>&nbsp;<\/p>\n","protected":false},"excerpt":{"rendered":"<div class=\"flex max-w-full flex-col flex-grow\">\n<div class=\"min-h-8 text-message flex w-full flex-col items-end gap-2 whitespace-normal break-words [.text-message+&amp;]:mt-5\" dir=\"auto\" data-message-author-role=\"assistant\" data-message-id=\"62364bff-d8fa-440a-8283-3f98769e5101\">\n<div class=\"flex w-full flex-col gap-1 empty:hidden first:pt-[3px]\">\n<div class=\"markdown prose w-full break-words dark:prose-invert light\">\n<p>Pasipuo\u0161kite savo namus su m\u016bs\u0173 i\u0161skirtiniais mediniais keli\u0173 sluoksni\u0173 kal\u0117diniais \u017eaisliukais, pagamintais Lietuvoje. \u0160ie eleganti\u0161ki papuo\u0161alai su 3D efektu prideda gylio ir stiliaus j\u016bs\u0173 eglutei, sukurdami nepamir\u0161tam\u0105 \u0161ventin\u0119 atmosfer\u0105. Puikiai tinka dovanoms artimiesiems, \u0161ie ornamentai yra ne tik dekoracija, bet ir vertinga tradicijos dalis. Atraskite kal\u0117dinio \u017eavesio gro\u017e\u012f \u0161iandien!<\/p>\n<\/div>\n<\/div>\n<\/div>\n<\/div>\n","protected":false},"featured_media":163,"comment_status":"open","ping_status":"closed","template":"","meta":{"om_disable_all_campaigns":false,"_monsterinsights_skip_tracking":false,"_monsterinsights_sitenote_active":false,"_monsterinsights_sitenote_note":"","_monsterinsights_sitenote_category":0,"_uf_show_specific_survey":0,"_uf_disable_surveys":false,"_kad_post_transparent":"default","_kad_post_title":"","_kad_post_layout":"default","_kad_post_sidebar_id":"","_kad_post_content_style":"default","_kad_post_vertical_padding":"default","_kad_post_feature":"","_kad_post_feature_position":"","_kad_post_header":false,"_kad_post_footer":false},"product_brand":[],"product_cat":[51,29],"product_tag":[53,52,54],"class_list":{"0":"post-147","1":"product","2":"type-product","3":"status-publish","4":"has-post-thumbnail","6":"product_cat-kaledos-sventems","7":"product_cat-sventems","8":"product_tag-kalediniai-zaisliukai","9":"product_tag-kaledos","10":"product_tag-kaledu-dekoras","11":"product_shipping_class-vidutine-pakuote","13":"first","14":"instock","15":"shipping-taxable","16":"purchasable","17":"product-type-variable","18":"entry","19":"content-bg","20":"loop-entry"},"aioseo_notices":[],"jetpack_sharing_enabled":true,"_links":{"self":[{"href":"https:\/\/giriosistorijos.lt\/index.php?rest_route=\/wp\/v2\/product\/147","targetHints":{"allow":["GET"]}}],"collection":[{"href":"https:\/\/giriosistorijos.lt\/index.php?rest_route=\/wp\/v2\/product"}],"about":[{"href":"https:\/\/giriosistorijos.lt\/index.php?rest_route=\/wp\/v2\/types\/product"}],"replies":[{"embeddable":true,"href":"https:\/\/giriosistorijos.lt\/index.php?rest_route=%2Fwp%2Fv2%2Fcomments&post=147"}],"wp:featuredmedia":[{"embeddable":true,"href":"https:\/\/giriosistorijos.lt\/index.php?rest_route=\/wp\/v2\/media\/163"}],"wp:attachment":[{"href":"https:\/\/giriosistorijos.lt\/index.php?rest_route=%2Fwp%2Fv2%2Fmedia&parent=147"}],"wp:term":[{"taxonomy":"product_brand","embeddable":true,"href":"https:\/\/giriosistorijos.lt\/index.php?rest_route=%2Fwp%2Fv2%2Fproduct_brand&post=147"},{"taxonomy":"product_cat","embeddable":true,"href":"https:\/\/giriosistorijos.lt\/index.php?rest_route=%2Fwp%2Fv2%2Fproduct_cat&post=147"},{"taxonomy":"product_tag","embeddable":true,"href":"https:\/\/giriosistorijos.lt\/index.php?rest_route=%2Fwp%2Fv2%2Fproduct_tag&post=147"}],"curies":[{"name":"wp","href":"https:\/\/api.w.org\/{rel}","templated":true}]}}