{"id":140,"date":"2024-03-19T19:14:43","date_gmt":"2024-03-19T19:14:43","guid":{"rendered":"https:\/\/giriosistorijos.lt\/?post_type=product&#038;p=140"},"modified":"2024-03-19T19:26:28","modified_gmt":"2024-03-19T19:26:28","slug":"pakabinami-mediniai-ornamentiniai-kiausiniai-dekoracijos-rinkinys-nr-2","status":"publish","type":"product","link":"https:\/\/giriosistorijos.lt\/?product=pakabinami-mediniai-ornamentiniai-kiausiniai-dekoracijos-rinkinys-nr-2","title":{"rendered":"Pakabinami mediniai ornamentiniai kiau\u0161iniai dekoracijos. Rinkinys Nr. 2"},"content":{"rendered":"<p>Pakabinami Velykiniai mediniai ornamentiniai kiau\u0161iniai, skirti papuo\u0161ti Velyk\u0173 stal\u0105.<\/p>\n<p>Papuo\u0161kite savo Velyk\u0173 stal\u0105 su \u0161iais mediniais kiau\u0161iniais, ir j\u016bs sukursite ypating\u0105 atmosfer\u0105, kurioje susijungia \u0161iluma, \u0161viesa ir pavasario d\u017eiaugsmas. \u0160ie ornamentiniai kiau\u0161iniai ne tik pritrauks d\u0117mes\u012f savo gro\u017eiu, bet ir prid\u0117s jaukumo, \u0161ilumos ir autenti\u0161ko \u0161ventinio \u017eavesio j\u016bs\u0173 \u0161ventiniam stalui.<\/p>\n<p>Auk\u0161tis 7 cm. Pakuot\u0117je 12 vnt.<\/p>\n","protected":false},"excerpt":{"rendered":"<p>Pakabinami mediniai ornamentiniai kiau\u0161iniai, skirti papuo\u0161ti Velyk\u0173 stal\u0105.<\/p>\n","protected":false},"featured_media":141,"comment_status":"open","ping_status":"closed","template":"","meta":{"om_disable_all_campaigns":false,"_monsterinsights_skip_tracking":false,"_monsterinsights_sitenote_active":false,"_monsterinsights_sitenote_note":"","_monsterinsights_sitenote_category":0,"_uf_show_specific_survey":0,"_uf_disable_surveys":false,"_kad_post_transparent":"default","_kad_post_title":"","_kad_post_layout":"default","_kad_post_sidebar_id":"","_kad_post_content_style":"default","_kad_post_vertical_padding":"default","_kad_post_feature":"","_kad_post_feature_position":"","_kad_post_header":false,"_kad_post_footer":false},"product_brand":[],"product_cat":[29,30],"product_tag":[32,34,33,35,31],"class_list":{"0":"post-140","1":"product","2":"type-product","3":"status-publish","4":"has-post-thumbnail","6":"product_cat-sventems","7":"product_cat-velykos","8":"product_tag-dekoras","9":"product_tag-kiausiniai","10":"product_tag-medinis","11":"product_tag-puokstes","12":"product_tag-velykos","14":"first","15":"instock","16":"shipping-taxable","17":"purchasable","18":"product-type-simple","19":"entry","20":"content-bg","21":"loop-entry"},"aioseo_notices":[],"jetpack_sharing_enabled":true,"_links":{"self":[{"href":"https:\/\/giriosistorijos.lt\/index.php?rest_route=\/wp\/v2\/product\/140","targetHints":{"allow":["GET"]}}],"collection":[{"href":"https:\/\/giriosistorijos.lt\/index.php?rest_route=\/wp\/v2\/product"}],"about":[{"href":"https:\/\/giriosistorijos.lt\/index.php?rest_route=\/wp\/v2\/types\/product"}],"replies":[{"embeddable":true,"href":"https:\/\/giriosistorijos.lt\/index.php?rest_route=%2Fwp%2Fv2%2Fcomments&post=140"}],"wp:featuredmedia":[{"embeddable":true,"href":"https:\/\/giriosistorijos.lt\/index.php?rest_route=\/wp\/v2\/media\/141"}],"wp:attachment":[{"href":"https:\/\/giriosistorijos.lt\/index.php?rest_route=%2Fwp%2Fv2%2Fmedia&parent=140"}],"wp:term":[{"taxonomy":"product_brand","embeddable":true,"href":"https:\/\/giriosistorijos.lt\/index.php?rest_route=%2Fwp%2Fv2%2Fproduct_brand&post=140"},{"taxonomy":"product_cat","embeddable":true,"href":"https:\/\/giriosistorijos.lt\/index.php?rest_route=%2Fwp%2Fv2%2Fproduct_cat&post=140"},{"taxonomy":"product_tag","embeddable":true,"href":"https:\/\/giriosistorijos.lt\/index.php?rest_route=%2Fwp%2Fv2%2Fproduct_tag&post=140"}],"curies":[{"name":"wp","href":"https:\/\/api.w.org\/{rel}","templated":true}]}}