{"id":72,"date":"2024-03-04T11:16:41","date_gmt":"2024-03-04T11:16:41","guid":{"rendered":"https:\/\/giriosistorijos.lt\/?page_id=72"},"modified":"2025-10-07T07:40:31","modified_gmt":"2025-10-07T07:40:31","slug":"apie-mus","status":"publish","type":"page","link":"https:\/\/giriosistorijos.lt\/?page_id=72","title":{"rendered":"Apie mus"},"content":{"rendered":"\n<blockquote class=\"wp-block-quote is-layout-flow wp-block-quote-is-layout-flow\">\n<p>\u201eGirios istorijos\u201c gim\u0117 i\u0161 noro sul\u0117tinti laik\u0105 ir b\u016bti ar\u010diau gamtos. Mi\u0161ke susitinka \u0161viesa, fakt\u016bros ir tyl\u016bs pasakojimai \u2013 juos ver\u010diame k\u016briniais su gamtos motyvais. Ie\u0161kokite m\u016bs\u0173 dirbini\u0173, skirt\u0173 \u0161vent\u0117ms, kurios pad\u0117s sukurti i\u0161skirtin\u012f ir kupin\u0105 \u0161ilumos \u0161ventin\u012f dekor\u0105. Su m\u016bs\u0173 pagalba j\u016bs\u0173 namai taps ne tik gra\u017eesni, bet ir jaukesni.<\/p>\n\n\n\n<p>Turite mums klausim\u0173? Susisiekite per Facebook, Instagram ar \u017einute \u017eemiau.<\/p>\n<\/blockquote>\n\n\n<div class=\"wp-block-jetpack-contact-form\"><a href=\"https:\/\/giriosistorijos.lt\/?page_id=72\" target=\"_blank\" rel=\"noopener noreferrer\">Submit a form.<\/a><\/div>","protected":false},"excerpt":{"rendered":"<p>\u201eGirios istorijos\u201c gim\u0117 i\u0161 noro sul\u0117tinti laik\u0105 ir b\u016bti ar\u010diau gamtos. Mi\u0161ke susitinka \u0161viesa, fakt\u016bros ir tyl\u016bs pasakojimai \u2013 juos ver\u010diame k\u016briniais su gamtos motyvais. Ie\u0161kokite m\u016bs\u0173 dirbini\u0173, skirt\u0173 \u0161vent\u0117ms, kurios pad\u0117s sukurti i\u0161skirtin\u012f ir kupin\u0105 \u0161ilumos \u0161ventin\u012f dekor\u0105. Su m\u016bs\u0173 pagalba j\u016bs\u0173 namai taps ne tik gra\u017eesni, bet ir jaukesni. Turite mums klausim\u0173? Susisiekite&#8230;<\/p>\n","protected":false},"author":1,"featured_media":0,"parent":0,"menu_order":0,"comment_status":"closed","ping_status":"closed","template":"","meta":{"om_disable_all_campaigns":false,"_monsterinsights_skip_tracking":false,"_monsterinsights_sitenote_active":false,"_monsterinsights_sitenote_note":"","_monsterinsights_sitenote_category":0,"_uf_show_specific_survey":0,"_uf_disable_surveys":false,"_kad_post_transparent":"","_kad_post_title":"","_kad_post_layout":"","_kad_post_sidebar_id":"","_kad_post_content_style":"","_kad_post_vertical_padding":"","_kad_post_feature":"","_kad_post_feature_position":"","_kad_post_header":false,"_kad_post_footer":false,"footnotes":""},"class_list":["post-72","page","type-page","status-publish","hentry"],"aioseo_notices":[],"jetpack_sharing_enabled":true,"_links":{"self":[{"href":"https:\/\/giriosistorijos.lt\/index.php?rest_route=\/wp\/v2\/pages\/72","targetHints":{"allow":["GET"]}}],"collection":[{"href":"https:\/\/giriosistorijos.lt\/index.php?rest_route=\/wp\/v2\/pages"}],"about":[{"href":"https:\/\/giriosistorijos.lt\/index.php?rest_route=\/wp\/v2\/types\/page"}],"author":[{"embeddable":true,"href":"https:\/\/giriosistorijos.lt\/index.php?rest_route=\/wp\/v2\/users\/1"}],"replies":[{"embeddable":true,"href":"https:\/\/giriosistorijos.lt\/index.php?rest_route=%2Fwp%2Fv2%2Fcomments&post=72"}],"version-history":[{"count":11,"href":"https:\/\/giriosistorijos.lt\/index.php?rest_route=\/wp\/v2\/pages\/72\/revisions"}],"predecessor-version":[{"id":328,"href":"https:\/\/giriosistorijos.lt\/index.php?rest_route=\/wp\/v2\/pages\/72\/revisions\/328"}],"wp:attachment":[{"href":"https:\/\/giriosistorijos.lt\/index.php?rest_route=%2Fwp%2Fv2%2Fmedia&parent=72"}],"curies":[{"name":"wp","href":"https:\/\/api.w.org\/{rel}","templated":true}]}}