{"id":3,"date":"2024-02-22T20:46:48","date_gmt":"2024-02-22T20:46:48","guid":{"rendered":"http:\/\/giriosistorijos.lt\/?page_id=3"},"modified":"2025-10-08T05:19:42","modified_gmt":"2025-10-08T05:19:42","slug":"privatumo-politika","status":"publish","type":"page","link":"https:\/\/giriosistorijos.lt\/?page_id=3","title":{"rendered":"Privatumo politika"},"content":{"rendered":"\n<h2 class=\"wp-block-heading\"><\/h2>\n\n\n\n<p>D\u0117kojame, kad apsilank\u0117te m\u016bs\u0173 internetin\u0117je parduotuv\u0117je. Mes labai vertiname j\u016bs\u0173 pasitik\u0117jim\u0105 ir siekiame u\u017etikrinti j\u016bs\u0173 privatum\u0105 bei saugum\u0105.<\/p>\n\n\n\n<p>\u0160ioje Privatumo politikoje apra\u0161oma, kaip renkame, naudojame ir saugome j\u016bs\u0173 asmens duomenis, kai naudojat\u0117s m\u016bs\u0173 internetine parduotuve ir jos paslaugomis. Pra\u0161ome atid\u017eiai perskaityti \u0161i\u0105 informacij\u0105, kad geriau suprastum\u0117te, kaip tvarkome j\u016bs\u0173 asmenin\u0119 informacij\u0105. <\/p>\n\n\n\n<p>&#8222;Girios istorijos&#8221; &#8211; MB LSRD projects (307412194) vykdomas projektas.<\/p>\n\n\n\n<p>Tvarkydami asmens duomenis vadovaujam\u0117s Europos S\u0105jungos Duomen\u0173 apsaugos reglamento Nr. 2016\/679, Lietuvos Respublikos asmens duomen\u0173 teisin\u0117s apsaugos \u012fstatymo, Lietuvos Respublikos elektronini\u0173 ry\u0161i\u0173 \u012fstatymo, kit\u0173 susijusi\u0173 teis\u0117s akt\u0173 reikalavimais bei kontroliuojan\u010di\u0173 institucij\u0173 nurodymais.<\/p>\n\n\n\n<p><strong>Kai apsipirkin\u0117jate m\u016bs\u0173 parduotuv\u0117je, mes galime surinkti \u0161iuos duomenis:<\/strong><\/p>\n\n\n\n<ol class=\"wp-block-list\">\n<li>Asmenin\u0119 informacij\u0105, tokia kaip vardas, pavard\u0117, elektroninio pa\u0161to adresas, telefono numeris ir pristatymo adresas.<\/li>\n\n\n\n<li>Mok\u0117jimo informacij\u0105, kuri\u0105 teikiate, atlikdami mok\u0117jimus m\u016bs\u0173 parduotuv\u0117je.<\/li>\n\n\n\n<li>Informacij\u0105 apie j\u016bs\u0173 \u012frengin\u012f ir interneto ry\u0161\u012f, \u012fskaitant IP adres\u0105, naudojimo duomenis, slapuk\u0173 duomenis ir j\u016bs\u0173 nar\u0161ykl\u0117s tip\u0105.<\/li>\n<\/ol>\n\n\n\n<p><strong>Kaip naudojame \u0161iuos duomenis?<\/strong><\/p>\n\n\n\n<p>Mes naudojame surinktus duomenis siekdami:<\/p>\n\n\n\n<ol class=\"wp-block-list\">\n<li>Atlikti j\u016bs\u0173 u\u017esakymus ir u\u017etikrinti preki\u0173 pristatym\u0105 nurodytu adresu.<\/li>\n\n\n\n<li>Komunikuoti su jumis d\u0117l j\u016bs\u0173 u\u017esakym\u0173, pateikti svarbi\u0105 informacij\u0105 apie paslaugas ar prekes, \u012fskaitant atnaujinimus ir specialius pasi\u016blymus.<\/li>\n\n\n\n<li>Gerinti ir pritaikyti m\u016bs\u0173 paslaugas, \u012fskaitant tinklalapio veikim\u0105, ir kurti geriau atitinkan\u010dius j\u016bs\u0173 poreikius pasi\u016blymus.<\/li>\n<\/ol>\n\n\n\n<p><strong>Kaip saugome j\u016bs\u0173 duomenis?<\/strong><\/p>\n\n\n\n<p>Mes \u012fsipareigojame u\u017etikrinti j\u016bs\u0173 duomen\u0173 saugum\u0105. Mes taikome \u012fvairias fizin\u0117s, technin\u0117s ir organizacin\u0117s priemones, kad apsaugotume j\u016bs\u0173 asmens duomenis nuo neteis\u0117to naudojimo, praradimo ar naikinimo.<\/p>\n\n\n\n<p><strong>Slapukai<\/strong><\/p>\n\n\n\n<p>Mes naudojame slapukus siekdami gerinti j\u016bs\u0173 naudojim\u0105si m\u016bs\u0173 internetine parduotuve. Slapukai yra nedideli tekstiniai failai, kurie saugomi j\u016bs\u0173 \u012frenginyje ir leid\u017eia mums atpa\u017einti j\u016bs\u0173 nar\u0161ykl\u0119. Jie padeda mums suprasti, kaip naudojate m\u016bs\u0173 tinklalap\u012f, kad gal\u0117tume gerinti j\u016bs\u0173 patirt\u012f.<\/p>\n\n\n\n<p><strong>J\u016bs\u0173 teis\u0117s<\/strong><\/p>\n\n\n\n<p>J\u016bs turite teis\u0119 pra\u0161yti prieigos prie savo asmens duomen\u0173, i\u0161taisyti netikslumus, riboti duomen\u0173 tvarkym\u0105 arba prie\u0161tarauti duomen\u0173 tvarkymui. Taip pat galite at\u0161aukti savo sutikim\u0105 bet kuriuo metu.<\/p>\n\n\n\n<p><strong>Kontaktai<\/strong><\/p>\n\n\n\n<p>Jei turite klausim\u0173 arba pageidaujate gauti daugiau informacijos apie m\u016bs\u0173 Privatumo politik\u0105, pra\u0161ome susisiekti su mumis el. pa\u0161tu [info@giriosistorijos.lt] arba telefonu [+37060529612].<\/p>\n\n\n\n<p><\/p>\n","protected":false},"excerpt":{"rendered":"<p>D\u0117kojame, kad apsilank\u0117te m\u016bs\u0173 internetin\u0117je parduotuv\u0117je. Mes labai vertiname j\u016bs\u0173 pasitik\u0117jim\u0105 ir siekiame u\u017etikrinti j\u016bs\u0173 privatum\u0105 bei saugum\u0105. \u0160ioje Privatumo politikoje apra\u0161oma, kaip renkame, naudojame ir saugome j\u016bs\u0173 asmens duomenis, kai naudojat\u0117s m\u016bs\u0173 internetine parduotuve ir jos paslaugomis. Pra\u0161ome atid\u017eiai perskaityti \u0161i\u0105 informacij\u0105, kad geriau suprastum\u0117te, kaip tvarkome j\u016bs\u0173 asmenin\u0119 informacij\u0105. &#8222;Girios istorijos&#8221; &#8211; MB&#8230;<\/p>\n","protected":false},"author":1,"featured_media":0,"parent":72,"menu_order":2,"comment_status":"closed","ping_status":"closed","template":"","meta":{"om_disable_all_campaigns":false,"_monsterinsights_skip_tracking":false,"_monsterinsights_sitenote_active":false,"_monsterinsights_sitenote_note":"","_monsterinsights_sitenote_category":0,"_uf_show_specific_survey":0,"_uf_disable_surveys":false,"_kad_post_transparent":"","_kad_post_title":"","_kad_post_layout":"","_kad_post_sidebar_id":"","_kad_post_content_style":"","_kad_post_vertical_padding":"","_kad_post_feature":"","_kad_post_feature_position":"","_kad_post_header":false,"_kad_post_footer":false,"footnotes":""},"class_list":["post-3","page","type-page","status-publish","hentry"],"aioseo_notices":[],"jetpack_sharing_enabled":true,"_links":{"self":[{"href":"https:\/\/giriosistorijos.lt\/index.php?rest_route=\/wp\/v2\/pages\/3","targetHints":{"allow":["GET"]}}],"collection":[{"href":"https:\/\/giriosistorijos.lt\/index.php?rest_route=\/wp\/v2\/pages"}],"about":[{"href":"https:\/\/giriosistorijos.lt\/index.php?rest_route=\/wp\/v2\/types\/page"}],"author":[{"embeddable":true,"href":"https:\/\/giriosistorijos.lt\/index.php?rest_route=\/wp\/v2\/users\/1"}],"replies":[{"embeddable":true,"href":"https:\/\/giriosistorijos.lt\/index.php?rest_route=%2Fwp%2Fv2%2Fcomments&post=3"}],"version-history":[{"count":3,"href":"https:\/\/giriosistorijos.lt\/index.php?rest_route=\/wp\/v2\/pages\/3\/revisions"}],"predecessor-version":[{"id":379,"href":"https:\/\/giriosistorijos.lt\/index.php?rest_route=\/wp\/v2\/pages\/3\/revisions\/379"}],"up":[{"embeddable":true,"href":"https:\/\/giriosistorijos.lt\/index.php?rest_route=\/wp\/v2\/pages\/72"}],"wp:attachment":[{"href":"https:\/\/giriosistorijos.lt\/index.php?rest_route=%2Fwp%2Fv2%2Fmedia&parent=3"}],"curies":[{"name":"wp","href":"https:\/\/api.w.org\/{rel}","templated":true}]}}